{"id":6383,"date":"2025-11-03T21:27:58","date_gmt":"2025-11-03T21:27:58","guid":{"rendered":"https:\/\/www.miammiamcool.fr\/?page_id=6383"},"modified":"2025-11-03T21:28:51","modified_gmt":"2025-11-03T21:28:51","slug":"conditions-generales-dutilisation","status":"publish","type":"page","link":"https:\/\/www.miammiamcool.fr\/zh\/conditions-generales-dutilisation\/","title":{"rendered":"\u4f7f\u7528\u6761\u6b3e\u548c\u6761\u4ef6"},"content":{"rendered":"<div data-elementor-type=\"wp-page\" data-elementor-id=\"6383\" class=\"elementor elementor-6383\" data-elementor-post-type=\"page\">\n\t\t\t\t<div class=\"elementor-element elementor-element-739d29b e-flex e-con-boxed e-con e-parent\" data-id=\"739d29b\" data-element_type=\"container\" data-e-type=\"container\">\n\t\t\t\t\t<div class=\"e-con-inner\">\n\t\t\t\t<div class=\"elementor-element elementor-element-3c9008d elementor-widget elementor-widget-text-editor\" data-id=\"3c9008d\" data-element_type=\"widget\" data-e-type=\"widget\" data-widget_type=\"text-editor.default\">\n\t\t\t\t\t\t\t\t\t<section style=\"max-width:900px;margin:auto;line-height:1.7;font-family:'Helvetica Neue',Arial,sans-serif;color:#333;padding:20px;\">\n  <h1 style=\"text-align:center;font-size:28px;margin-bottom:30px;\">\u4e00\u822c\u4f7f\u7528\u6761\u6b3e\u548c\u6761\u4ef6\uff08GTCU\uff09<\/h1>\n\n  <h2>1.\u4e3b\u9898<\/h2>\n  <p>\n    \u8fd9\u4e9b\u6761\u6b3e\u548c\u6761\u4ef6\u9002\u7528\u4e8e\u8bbf\u95ee\u548c\u4f7f\u7528 <strong>www.miammiamcool.com<\/strong>.\n  <\/p>\n\n  <h2>2.\u63a5\u53d7<\/h2>\n  <p>\n    \u8bbf\u95ee\u672c\u7f51\u7ad9\u5373\u8868\u793a\u7528\u6237\u5df2\u9605\u8bfb\u5e76\u6beb\u65e0\u4fdd\u7559\u5730\u63a5\u53d7\u672c GCU\u3002\n  <\/p>\n\n  <h2>3.\u573a\u5730\u51fa\u5165<\/h2>\n  <p>\n    \u672c\u7f51\u7ad9\u53ef\u514d\u8d39\u8bbf\u95ee\u3002\u56e0\u7ef4\u62a4\u6216\u6280\u672f\u95ee\u9898\u9020\u6210\u7684\u4efb\u4f55\u4e2d\u65ad\uff0c\u51fa\u7248\u5546\u6982\u4e0d\u8d1f\u8d23\u3002\n  <\/p>\n\n  <h2>4.\u63d0\u4f9b\u7684\u670d\u52a1<\/h2>\n  <p>\n    \u901a\u8fc7\u8be5\u7f51\u7ad9\uff0c\u7528\u6237\u53ef\u4ee5\u67e5\u9605\u83dc\u5355\u3001\u4e86\u89e3\u9910\u5385\uff0c\u5e76\u5c31\u4efb\u4f55\u8981\u6c42\u6216\u9884\u8ba2\u4e0e\u56e2\u961f\u53d6\u5f97\u8054\u7cfb\u3002\n  <\/p>\n\n  <h2>5.\u77e5\u8bc6\u4ea7\u6743<\/h2>\n  <p>\n    \u672c\u7f51\u7ad9\u53d1\u5e03\u7684\u5185\u5bb9\u4e3a\u4ee5\u4e0b\u673a\u6784\u7684\u4e13\u6709\u8d22\u4ea7 <strong>BISTROT ADAM<\/strong>.  \n    \u7981\u6b62\u4efb\u4f55\u672a\u7ecf\u6388\u6743\u7684\u4f7f\u7528\u3002\n  <\/p>\n\n  <h2>6.\u4e2a\u4eba\u8d44\u6599<\/h2>\n  <p>\n    \u901a\u8fc7\u672c\u7f51\u7ad9\u6536\u96c6\u7684\u6570\u636e\u7684\u5904\u7406\u7b26\u5408 RGPD \u7684\u89c4\u5b9a\u3002  \n    \u66f4\u591a\u4fe1\u606f\uff0c\u8bf7\u53c2\u9605\u6211\u4eec\u7684 <a href=\"\/zh\/politique-de-confidentialite\/\">\u9690\u79c1\u653f\u7b56<\/a>.\n  <\/p>\n\n  <h2>7.\u8d23\u4efb<\/h2>\n  <p>\n    <strong>BISTROT ADAM<\/strong> \u5bf9\u56e0\u4f7f\u7528\u672c\u7f51\u7ad9\u800c\u9020\u6210\u7684\u4efb\u4f55\u76f4\u63a5\u6216\u95f4\u63a5\u635f\u5931\u6982\u4e0d\u8d1f\u8d23\u3002\n  <\/p>\n\n  <h2>8.\u9002\u7528\u6cd5\u5f8b<\/h2>\n  <p>\n    \u8fd9\u4e9b GCU \u53d7\u6cd5\u56fd\u6cd5\u5f8b\u7ba1\u8f96\u3002  \n    \u4efb\u4f55\u4e89\u8bae\u5747\u7531\u5df4\u9ece\u6cd5\u9662\u4e13\u5c5e\u7ba1\u8f96\u3002\n  <\/p>\n\n  <p style=\"text-align:center;margin-top:40px;font-size:14px;color:#777;\">\n\n  <\/p>\n<\/section>\t\t\t\t\t\t\t\t<\/div>\n\t\t\t\t\t<\/div>\n\t\t\t\t<\/div>\n\t\t\t\t<\/div>","protected":false},"excerpt":{"rendered":"<p>Conditions G\u00e9n\u00e9rales d\u2019Utilisation (CGU) 1. Objet Les pr\u00e9sentes conditions r\u00e9gissent l\u2019acc\u00e8s et l\u2019utilisation du site www.miammiamcool.com. 2. Acceptation En acc\u00e9dant au site, l\u2019utilisateur reconna\u00eet avoir lu et accept\u00e9 sans r\u00e9serve les pr\u00e9sentes CGU. 3. Acc\u00e8s au site Le site est accessible gratuitement. L\u2019\u00e9diteur ne saurait \u00eatre tenu responsable d\u2019\u00e9ventuelles interruptions dues \u00e0 la maintenance ou [&hellip;]<\/p>\n","protected":false},"author":1,"featured_media":0,"parent":0,"menu_order":0,"comment_status":"closed","ping_status":"closed","template":"elementor_header_footer","meta":{"footnotes":""},"class_list":["post-6383","page","type-page","status-publish","hentry"],"_links":{"self":[{"href":"https:\/\/www.miammiamcool.fr\/zh\/wp-json\/wp\/v2\/pages\/6383","targetHints":{"allow":["GET"]}}],"collection":[{"href":"https:\/\/www.miammiamcool.fr\/zh\/wp-json\/wp\/v2\/pages"}],"about":[{"href":"https:\/\/www.miammiamcool.fr\/zh\/wp-json\/wp\/v2\/types\/page"}],"author":[{"embeddable":true,"href":"https:\/\/www.miammiamcool.fr\/zh\/wp-json\/wp\/v2\/users\/1"}],"replies":[{"embeddable":true,"href":"https:\/\/www.miammiamcool.fr\/zh\/wp-json\/wp\/v2\/comments?post=6383"}],"version-history":[{"count":7,"href":"https:\/\/www.miammiamcool.fr\/zh\/wp-json\/wp\/v2\/pages\/6383\/revisions"}],"predecessor-version":[{"id":6390,"href":"https:\/\/www.miammiamcool.fr\/zh\/wp-json\/wp\/v2\/pages\/6383\/revisions\/6390"}],"wp:attachment":[{"href":"https:\/\/www.miammiamcool.fr\/zh\/wp-json\/wp\/v2\/media?parent=6383"}],"curies":[{"name":"wp","href":"https:\/\/api.w.org\/{rel}","templated":true}]}}