{"id":3,"date":"2025-10-22T20:35:49","date_gmt":"2025-10-22T20:35:49","guid":{"rendered":"https:\/\/www.miammiamcool.fr\/?page_id=3"},"modified":"2025-11-03T21:27:40","modified_gmt":"2025-11-03T21:27:40","slug":"privacy-policy","status":"publish","type":"page","link":"https:\/\/www.miammiamcool.fr\/zh\/privacy-policy\/","title":{"rendered":"\u9690\u79c1\u653f\u7b56"},"content":{"rendered":"<div data-elementor-type=\"wp-page\" data-elementor-id=\"3\" class=\"elementor elementor-3\" data-elementor-post-type=\"page\">\n\t\t\t\t<div class=\"elementor-element elementor-element-7e287dac e-flex e-con-boxed e-con e-parent\" data-id=\"7e287dac\" data-element_type=\"container\" data-e-type=\"container\">\n\t\t\t\t\t<div class=\"e-con-inner\">\n\t\t\t\t<div class=\"elementor-element elementor-element-7a1e7799 elementor-widget elementor-widget-text-editor\" data-id=\"7a1e7799\" data-element_type=\"widget\" data-e-type=\"widget\" data-widget_type=\"text-editor.default\">\n\t\t\t\t\t\t\t\t\t<section style=\"max-width:900px;margin:auto;line-height:1.7;font-family:'Helvetica Neue',Arial,sans-serif;color:#333;padding:20px;\">\n  <h1 style=\"text-align:center;font-size:28px;margin-bottom:30px;\">\u9690\u79c1\u653f\u7b56<\/h1>\n\n  <h2>1.\u5bfc\u8a00<\/h2>\n  <p>\n    \u672c\u9690\u79c1\u653f\u7b56\u89e3\u91ca\u4e86\u5982\u4f55 <strong>BISTROT ADAM<\/strong> \u6536\u96c6\u3001\u4f7f\u7528\u548c\u4fdd\u62a4\u7f51\u7ad9\u7528\u6237\u7684\u4e2a\u4eba\u6570\u636e <strong>www.miammiamcool.com<\/strong>.\n  <\/p>\n\n  <h2>2.\u6570\u636e\u63a7\u5236\u8005<\/h2>\n  <p>\n    <strong>BISTROT ADAM<\/strong><br>\n    \u6cd5\u56fd\u5df4\u9ece 75012 \u5e74\u590f\u6717\u987f\u8857 147 \u53f7<br>\n    \ud83d\udce7 <a href=\"mailto:contact@miammiamcool.fr\">contact@miammiamcool.fr<\/a>\n  <\/p>\n\n  <h2>3.\u6536\u96c6\u7684\u6570\u636e<\/h2>\n  <ul>\n    <li>\u59d3\u3001\u540d\u3001\u7535\u5b50\u90ae\u4ef6\u5730\u5740\u3001\u7535\u8bdd\uff08\u8054\u7cfb\u8868\u6216\u9884\u8ba2\u8868\uff09<\/li>\n    <li>\u6280\u672f\u6570\u636e\uff1aIP \u5730\u5740\u3001\u6d4f\u89c8\u5668\u7c7b\u578b\u3001\u6d4f\u89c8\u7684\u9875\u9762<\/li>\n    <li>\u7528\u4e8e\u7edf\u8ba1\u5206\u6790\u548c\u4e2a\u6027\u5316\u7684 Cookie<\/li>\n  <\/ul>\n\n  <h2>4.\u5904\u7406\u76ee\u7684<\/h2>\n  <ul>\n    <li>\u7ba1\u7406\u9884\u8ba2\u548c\u56de\u5e94\u8bf7\u6c42<\/li>\n    <li>\u6539\u5584\u5ba2\u6237\u670d\u52a1<\/li>\n    <li>\u7f51\u7ad9\u6d41\u91cf\u5206\u6790<\/li>\n  <\/ul>\n\n  <h2>5.\u6cd5\u5f8b\u4f9d\u636e<\/h2>\n  <p>\n    \u5904\u7406\u57fa\u4e8e\u7528\u6237\u7684\u540c\u610f\u548c\u4ee5\u4e0b\u65b9\u9762\u7684\u5408\u6cd5\u5229\u76ca <strong>BISTROT ADAM<\/strong>.\n  <\/p>\n\n  <h2>6.\u4fdd\u8d28\u671f<\/h2>\n  <p>\n    \u4e2a\u4eba\u6570\u636e\u81ea\u6700\u540e\u4e00\u6b21\u8054\u7cfb\u8d77\u6700\u591a\u4fdd\u5b58 12 \u4e2a\u6708\u3002\n  <\/p>\n\n  <h2>7.\u6570\u636e\u5171\u4eab<\/h2>\n  <p>\n    \u6570\u636e\u4e0d\u4f1a\u8f6c\u552e\u3002\u53ea\u80fd\u4e0e\u6211\u4eec\u7684\u6258\u7ba1\u670d\u52a1\u63d0\u4f9b\u5546\u5171\u4eab\u3002 <strong>o2switch<\/strong> \u7531\u4e8e\u6280\u672f\u539f\u56e0\u3002\n  <\/p>\n\n  <h2>8.\u5b89\u5168<\/h2>\n  <p>\n    \u672c\u7f51\u7ad9\u4f7f\u7528 HTTPS \u534f\u8bae\u548c\u7b26\u5408 RGPD \u6807\u51c6\u7684\u5b89\u5168\u63aa\u65bd\u6765\u4fdd\u62a4\u60a8\u7684\u4fe1\u606f\u3002\n  <\/p>\n\n  <h2>9.\u60a8\u7684\u6743\u5229<\/h2>\n  <p>\n    \u6839\u636e RGPD \u7684\u89c4\u5b9a\uff0c\u60a8\u53ef\u4ee5\u901a\u8fc7\u4ee5\u4e0b\u5730\u5740\u7533\u8bf7\u8bbf\u95ee\u3001\u66f4\u6b63\u6216\u5220\u9664\u60a8\u7684\u4e2a\u4eba\u6570\u636e\uff1a <a href=\"mailto:contact@miammiamcool.fr\">contact@miammiamcool.fr<\/a>.\n  <\/p>\n\n  <h2>10.\u4fee\u6539<\/h2>\n  <p>\n    \u672c\u653f\u7b56\u53ef\u968f\u65f6\u66f4\u65b0\u3002\u6700\u540e\u66f4\u65b0 \uff1a <strong>2025 \u5e74 11 \u6708 1 \u65e5<\/strong>.\n  <\/p>\n\n  <p style=\"text-align:center;margin-top:40px;font-size:14px;color:#777;\">\n\n  <\/p>\n<\/section>\t\t\t\t\t\t\t\t<\/div>\n\t\t\t\t\t<\/div>\n\t\t\t\t<\/div>\n\t\t\t\t<\/div>","protected":false},"excerpt":{"rendered":"<p>Politique de confidentialit\u00e9 1. Introduction La pr\u00e9sente politique de confidentialit\u00e9 explique comment BISTROT ADAM collecte, utilise et prot\u00e8ge les donn\u00e9es personnelles des utilisateurs du site www.miammiamcool.com. 2. Responsable du traitement BISTROT ADAM 147 rue de Charenton, 75012 Paris, France \ud83d\udce7 contact@miammiamcool.fr 3. Donn\u00e9es collect\u00e9es Nom, pr\u00e9nom, adresse e-mail, t\u00e9l\u00e9phone (formulaire de contact ou de r\u00e9servation) [&hellip;]<\/p>\n","protected":false},"author":1,"featured_media":0,"parent":0,"menu_order":0,"comment_status":"closed","ping_status":"open","template":"elementor_header_footer","meta":{"footnotes":""},"class_list":["post-3","page","type-page","status-publish","hentry"],"_links":{"self":[{"href":"https:\/\/www.miammiamcool.fr\/zh\/wp-json\/wp\/v2\/pages\/3","targetHints":{"allow":["GET"]}}],"collection":[{"href":"https:\/\/www.miammiamcool.fr\/zh\/wp-json\/wp\/v2\/pages"}],"about":[{"href":"https:\/\/www.miammiamcool.fr\/zh\/wp-json\/wp\/v2\/types\/page"}],"author":[{"embeddable":true,"href":"https:\/\/www.miammiamcool.fr\/zh\/wp-json\/wp\/v2\/users\/1"}],"replies":[{"embeddable":true,"href":"https:\/\/www.miammiamcool.fr\/zh\/wp-json\/wp\/v2\/comments?post=3"}],"version-history":[{"count":9,"href":"https:\/\/www.miammiamcool.fr\/zh\/wp-json\/wp\/v2\/pages\/3\/revisions"}],"predecessor-version":[{"id":6382,"href":"https:\/\/www.miammiamcool.fr\/zh\/wp-json\/wp\/v2\/pages\/3\/revisions\/6382"}],"wp:attachment":[{"href":"https:\/\/www.miammiamcool.fr\/zh\/wp-json\/wp\/v2\/media?parent=3"}],"curies":[{"name":"wp","href":"https:\/\/api.w.org\/{rel}","templated":true}]}}