{"id":6391,"date":"2025-11-03T21:29:18","date_gmt":"2025-11-03T21:29:18","guid":{"rendered":"https:\/\/www.miammiamcool.fr\/?page_id=6391"},"modified":"2025-11-03T21:29:43","modified_gmt":"2025-11-03T21:29:43","slug":"mentions-legales","status":"publish","type":"page","link":"https:\/\/www.miammiamcool.fr\/en\/mentions-legales\/","title":{"rendered":"Terms of use"},"content":{"rendered":"<div data-elementor-type=\"wp-page\" data-elementor-id=\"6391\" class=\"elementor elementor-6391\" data-elementor-post-type=\"page\">\n\t\t\t\t<div class=\"elementor-element elementor-element-9355350 e-flex e-con-boxed e-con e-parent\" data-id=\"9355350\" data-element_type=\"container\" data-e-type=\"container\">\n\t\t\t\t\t<div class=\"e-con-inner\">\n\t\t\t\t<div class=\"elementor-element elementor-element-54c3f3a elementor-widget elementor-widget-text-editor\" data-id=\"54c3f3a\" data-element_type=\"widget\" data-e-type=\"widget\" data-widget_type=\"text-editor.default\">\n\t\t\t\t\t\t\t\t\t<section style=\"max-width:900px;margin:auto;line-height:1.7;font-family:'Helvetica Neue',Arial,sans-serif;color:#333;padding:20px;\">\n  <h1 style=\"text-align:center;font-size:28px;margin-bottom:30px;\">Terms of use<\/h1>\n\n  <h2>1. General information<\/h2>\n  <p>\n    In accordance with French law no. 2004-575 of June 21, 2004 on confidence in the digital economy (LCEN), users of the site are hereby informed that <strong>www.miammiamcool.com<\/strong> the identity of the various parties involved in its implementation and follow-up.\n  <\/p>\n\n  <h2>2. Site editor<\/h2>\n  <p>\n    <strong>BISTROT ADAM<\/strong><br>\n    Simplified joint-stock company (SAS)<br>\n    Share capital: \u20ac4,000<br>\n    Registered with the Paris Trade and Companies Registry under number <strong>887 859 247<\/strong><br>\n    Head office: 147 rue de Charenton, 75012 Paris, France<br>\n    Main activity: Traditional on-site and takeaway catering<br><br>\n    Chairman: <strong>LI Xinhong<\/strong><br>\n    \ud83d\udce7 E-mail : <a href=\"mailto:contact@miammiamcool.fr\">contact@miammiamcool.fr<\/a>\n  <\/p>\n\n  <h2>3. Site host<\/h2>\n  <p>\n    <strong>o2switch<\/strong><br>\n    SARL with capital of \u20ac100,000<br>\n    Head office: 222-224 Boulevard Gustave Flaubert, 63000 Clermont-Ferrand, France<br>\n    Website : <a href=\"https:\/\/www.o2switch.fr\" target=\"_blank\">www.o2switch.fr<\/a>\n  <\/p>\n\n  <h2>4. Intellectual property<\/h2>\n  <p>\n    All site content (text, images, logos, graphics, videos, etc.) is the exclusive property of <strong>BISTROT ADAM<\/strong>, unless otherwise stated.  \n    Unauthorized reproduction or distribution is strictly prohibited.\n  <\/p>\n\n  <h2>5. Personal data<\/h2>\n  <p>\n    The information collected via the site is used exclusively to manage reservations and customer relations.  \n    For further details, please consult our <a href=\"\/en\/politique-de-confidentialite\/\">Privacy policy<\/a>.\n  <\/p>\n\n  <h2>6. Cookies<\/h2>\n  <p>\n    The site uses cookies to improve the user experience.  \n    You can change your preferences at any time via the consent banner.  \n    See the <a href=\"\/en\/politique-des-cookies\/\">Cookie policy<\/a>.\n  <\/p>\n\n  <h2>7. Applicable law<\/h2>\n  <p>\n    This legal notice is governed by French law.  \n    In the event of a dispute, the courts of Paris shall have jurisdiction.\n  <\/p>\n\n  <p style=\"text-align:center;margin-top:40px;font-size:14px;color:#777;\">\n\n  <\/p>\n<\/section>\t\t\t\t\t\t\t\t<\/div>\n\t\t\t\t\t<\/div>\n\t\t\t\t<\/div>\n\t\t\t\t<\/div>","protected":false},"excerpt":{"rendered":"<p>Mentions l\u00e9gales 1. Informations g\u00e9n\u00e9rales Conform\u00e9ment \u00e0 la loi n\u00b02004-575 du 21 juin 2004 pour la confiance dans l\u2019\u00e9conomie num\u00e9rique (LCEN), il est pr\u00e9cis\u00e9 aux utilisateurs du site www.miammiamcool.com l\u2019identit\u00e9 des diff\u00e9rents intervenants dans le cadre de sa r\u00e9alisation et de son suivi. 2. \u00c9diteur du site BISTROT ADAM Soci\u00e9t\u00e9 par actions simplifi\u00e9e (SAS) Capital [&hellip;]<\/p>\n","protected":false},"author":1,"featured_media":0,"parent":0,"menu_order":0,"comment_status":"closed","ping_status":"closed","template":"elementor_header_footer","meta":{"footnotes":""},"class_list":["post-6391","page","type-page","status-publish","hentry"],"_links":{"self":[{"href":"https:\/\/www.miammiamcool.fr\/en\/wp-json\/wp\/v2\/pages\/6391","targetHints":{"allow":["GET"]}}],"collection":[{"href":"https:\/\/www.miammiamcool.fr\/en\/wp-json\/wp\/v2\/pages"}],"about":[{"href":"https:\/\/www.miammiamcool.fr\/en\/wp-json\/wp\/v2\/types\/page"}],"author":[{"embeddable":true,"href":"https:\/\/www.miammiamcool.fr\/en\/wp-json\/wp\/v2\/users\/1"}],"replies":[{"embeddable":true,"href":"https:\/\/www.miammiamcool.fr\/en\/wp-json\/wp\/v2\/comments?post=6391"}],"version-history":[{"count":7,"href":"https:\/\/www.miammiamcool.fr\/en\/wp-json\/wp\/v2\/pages\/6391\/revisions"}],"predecessor-version":[{"id":6398,"href":"https:\/\/www.miammiamcool.fr\/en\/wp-json\/wp\/v2\/pages\/6391\/revisions\/6398"}],"wp:attachment":[{"href":"https:\/\/www.miammiamcool.fr\/en\/wp-json\/wp\/v2\/media?parent=6391"}],"curies":[{"name":"wp","href":"https:\/\/api.w.org\/{rel}","templated":true}]}}