{"id":5885,"date":"2021-09-28T04:44:59","date_gmt":"2021-09-28T04:44:59","guid":{"rendered":"https:\/\/www.miammiamcool.fr\/?page_id=5885"},"modified":"2025-12-16T21:14:37","modified_gmt":"2025-12-16T21:14:37","slug":"gallery","status":"publish","type":"page","link":"https:\/\/www.miammiamcool.fr\/en\/gallery\/","title":{"rendered":"Gallery"},"content":{"rendered":"<div data-elementor-type=\"wp-page\" data-elementor-id=\"5885\" class=\"elementor elementor-5885\" data-elementor-post-type=\"page\">\n\t\t\t\t\t\t<section class=\"elementor-section elementor-top-section elementor-element elementor-element-b5aeb00 elementor-section-full_width elementor-section-height-default elementor-section-height-default\" data-id=\"b5aeb00\" data-element_type=\"section\" data-e-type=\"section\">\n\t\t\t\t\t\t<div class=\"elementor-container elementor-column-gap-default\">\n\t\t\t\t\t<div class=\"elementor-column elementor-col-100 elementor-top-column elementor-element elementor-element-8c7b798\" data-id=\"8c7b798\" data-element_type=\"column\" data-e-type=\"column\">\n\t\t\t<div class=\"elementor-widget-wrap elementor-element-populated\">\n\t\t\t\t\t\t<div class=\"elementor-element elementor-element-f0d97c9 elementor-widget elementor-widget-kababi_elementor_gallery\" data-id=\"f0d97c9\" data-element_type=\"widget\" data-e-type=\"widget\" data-widget_type=\"kababi_elementor_gallery.default\">\n\t\t\t\t<div class=\"elementor-widget-container\">\n\t\t\t\t\t\n\t\t\t        <div class=\"ova-gallery\">\n\t        \t<div class=\"grid\">\n\t        \t\t<div class=\"grid-sizer\"><\/div>\n\t  \t\t\t\t\t  \t\t\t\t\t<div class=\"grid-item elementor-repeater-item-03fe6b6 grid-item-fisrt\">\n\t  \t\t\t\t\t\t<a class=\"gallery-fancybox\" data-src=\"https:\/\/www.miammiamcool.fr\/wp-content\/uploads\/2025\/12\/2025-09-10-Miam-miam-cool7406817-scaled.jpg\" \n\t  \t\t\t\t\t\t\tdata-fancybox=\"gallery\" \n\t  \t\t\t\t\t\t\tdata-caption=\"\">\n\n\t  \t\t\t\t\t\t\t<img decoding=\"async\" src=\"https:\/\/www.miammiamcool.fr\/wp-content\/uploads\/2025\/12\/2025-09-10-Miam-miam-cool7406817-scaled.jpg\" alt=\"\">\n\t  \t\t\t\t\t\t\t<div class=\"gallery-container\">\n\t\t  \t\t\t\t\t\t\t\t\t  \t\t\t\t\t\t\t\t<div class=\"gallery-icon\">\n\t\t\t  \t\t\t\t\t\t\t\t<i class=\"ovaicon-next-4\"><\/i>\n\t\t\t  \t\t\t\t\t\t\t<\/div>\n\t\t  \t\t\t\t\t\t\t\t\t  \t\t\t\t\t\t\t<div class=\"gallery-content\">\n\t\t\t  \t\t\t\t\t\t\t\t\t\t  \t\t\t\t\t\t\t\t<h2 class=\"gallery-title\">Five-spice beef<\/h2>\n\t\t\t  \t\t\t\t\t\t\t\t\t\t  \t\t\t\t\t\t\t\t\t\t  \t\t\t\t\t\t<\/div>\n\t\t  \t\t\t\t\t\t<\/div>\n\t  \t\t\t\t\t\t<\/a>\n\t  \t\t\t\t\t<\/div>\n\t  \t\t\t\t\t  \t\t\t\t\t<div class=\"grid-item elementor-repeater-item-c7c260d\">\n\t  \t\t\t\t\t\t<a class=\"gallery-fancybox\" data-src=\"https:\/\/www.miammiamcool.fr\/wp-content\/uploads\/2025\/12\/2025-09-10-Miam-miam-cool7406799-scaled.jpg\" \n\t  \t\t\t\t\t\t\tdata-fancybox=\"gallery\" \n\t  \t\t\t\t\t\t\tdata-caption=\"\">\n\n\t  \t\t\t\t\t\t\t<img decoding=\"async\" src=\"https:\/\/www.miammiamcool.fr\/wp-content\/uploads\/2025\/12\/2025-09-10-Miam-miam-cool7406799-scaled.jpg\" alt=\"\">\n\t  \t\t\t\t\t\t\t<div class=\"gallery-container\">\n\t\t  \t\t\t\t\t\t\t\t\t  \t\t\t\t\t\t\t\t<div class=\"gallery-icon\">\n\t\t\t  \t\t\t\t\t\t\t\t<i class=\"ovaicon-next-4\"><\/i>\n\t\t\t  \t\t\t\t\t\t\t<\/div>\n\t\t  \t\t\t\t\t\t\t\t\t  \t\t\t\t\t\t\t<div class=\"gallery-content\">\n\t\t\t  \t\t\t\t\t\t\t\t\t\t  \t\t\t\t\t\t\t\t<h2 class=\"gallery-title\">Cucumber with peanuts and vinegar<\/h2>\n\t\t\t  \t\t\t\t\t\t\t\t\t\t  \t\t\t\t\t\t\t\t\t\t  \t\t\t\t\t\t<\/div>\n\t\t  \t\t\t\t\t\t<\/div>\n\t  \t\t\t\t\t\t<\/a>\n\t  \t\t\t\t\t<\/div>\n\t  \t\t\t\t\t  \t\t\t\t\t<div class=\"grid-item elementor-repeater-item-9c01f0d\">\n\t  \t\t\t\t\t\t<a class=\"gallery-fancybox\" data-src=\"https:\/\/www.miammiamcool.fr\/wp-content\/uploads\/2025\/12\/2025-09-10-Miam-miam-cool7406845-scaled.jpg\" \n\t  \t\t\t\t\t\t\tdata-fancybox=\"gallery\" \n\t  \t\t\t\t\t\t\tdata-caption=\"\">\n\n\t  \t\t\t\t\t\t\t<img decoding=\"async\" src=\"https:\/\/www.miammiamcool.fr\/wp-content\/uploads\/2025\/12\/2025-09-10-Miam-miam-cool7406845-scaled.jpg\" alt=\"\">\n\t  \t\t\t\t\t\t\t<div class=\"gallery-container\">\n\t\t  \t\t\t\t\t\t\t\t\t  \t\t\t\t\t\t\t\t<div class=\"gallery-icon\">\n\t\t\t  \t\t\t\t\t\t\t\t<i class=\"ovaicon-next-4\"><\/i>\n\t\t\t  \t\t\t\t\t\t\t<\/div>\n\t\t  \t\t\t\t\t\t\t\t\t  \t\t\t\t\t\t\t<div class=\"gallery-content\">\n\t\t\t  \t\t\t\t\t\t\t\t\t\t  \t\t\t\t\t\t\t\t<h2 class=\"gallery-title\">hundred-year-old eggs with crushed chillies<\/h2>\n\t\t\t  \t\t\t\t\t\t\t\t\t\t  \t\t\t\t\t\t\t\t\t\t  \t\t\t\t\t\t<\/div>\n\t\t  \t\t\t\t\t\t<\/div>\n\t  \t\t\t\t\t\t<\/a>\n\t  \t\t\t\t\t<\/div>\n\t  \t\t\t\t\t  \t\t\t\t\t<div class=\"grid-item elementor-repeater-item-d8095a1\">\n\t  \t\t\t\t\t\t<a class=\"gallery-fancybox\" data-src=\"https:\/\/www.miammiamcool.fr\/wp-content\/uploads\/2025\/12\/2025-09-10-Miam-miam-cool7406842-scaled.jpg\" \n\t  \t\t\t\t\t\t\tdata-fancybox=\"gallery\" \n\t  \t\t\t\t\t\t\tdata-caption=\"\">\n\n\t  \t\t\t\t\t\t\t<img decoding=\"async\" src=\"https:\/\/www.miammiamcool.fr\/wp-content\/uploads\/2025\/12\/2025-09-10-Miam-miam-cool7406842-scaled.jpg\" alt=\"\">\n\t  \t\t\t\t\t\t\t<div class=\"gallery-container\">\n\t\t  \t\t\t\t\t\t\t\t\t  \t\t\t\t\t\t\t\t<div class=\"gallery-icon\">\n\t\t\t  \t\t\t\t\t\t\t\t<i class=\"ovaicon-next-4\"><\/i>\n\t\t\t  \t\t\t\t\t\t\t<\/div>\n\t\t  \t\t\t\t\t\t\t\t\t  \t\t\t\t\t\t\t<div class=\"gallery-content\">\n\t\t\t  \t\t\t\t\t\t\t\t\t\t  \t\t\t\t\t\t\t\t<h2 class=\"gallery-title\">Julienne potatoes with vinegar<\/h2>\n\t\t\t  \t\t\t\t\t\t\t\t\t\t  \t\t\t\t\t\t\t\t\t\t  \t\t\t\t\t\t<\/div>\n\t\t  \t\t\t\t\t\t<\/div>\n\t  \t\t\t\t\t\t<\/a>\n\t  \t\t\t\t\t<\/div>\n\t  \t\t\t\t\t  \t\t\t\t\t<div class=\"grid-item elementor-repeater-item-75fc4b7\">\n\t  \t\t\t\t\t\t<a class=\"gallery-fancybox\" data-src=\"https:\/\/www.miammiamcool.fr\/wp-content\/uploads\/2025\/12\/2025-09-10-Miam-miam-cool7406809-scaled.jpg\" \n\t  \t\t\t\t\t\t\tdata-fancybox=\"gallery\" \n\t  \t\t\t\t\t\t\tdata-caption=\"\">\n\n\t  \t\t\t\t\t\t\t<img decoding=\"async\" src=\"https:\/\/www.miammiamcool.fr\/wp-content\/uploads\/2025\/12\/2025-09-10-Miam-miam-cool7406809-scaled.jpg\" alt=\"\">\n\t  \t\t\t\t\t\t\t<div class=\"gallery-container\">\n\t\t  \t\t\t\t\t\t\t\t\t  \t\t\t\t\t\t\t\t<div class=\"gallery-icon\">\n\t\t\t  \t\t\t\t\t\t\t\t<i class=\"ovaicon-next-4\"><\/i>\n\t\t\t  \t\t\t\t\t\t\t<\/div>\n\t\t  \t\t\t\t\t\t\t\t\t  \t\t\t\t\t\t\t<div class=\"gallery-content\">\n\t\t\t  \t\t\t\t\t\t\t\t\t\t  \t\t\t\t\t\t\t\t<h2 class=\"gallery-title\">Cabbage marinated in chilli oil<\/h2>\n\t\t\t  \t\t\t\t\t\t\t\t\t\t  \t\t\t\t\t\t\t\t\t\t  \t\t\t\t\t\t<\/div>\n\t\t  \t\t\t\t\t\t<\/div>\n\t  \t\t\t\t\t\t<\/a>\n\t  \t\t\t\t\t<\/div>\n\t  \t\t\t\t\t  \t\t\t\t\t<div class=\"grid-item elementor-repeater-item-62037b6\">\n\t  \t\t\t\t\t\t<a class=\"gallery-fancybox\" data-src=\"https:\/\/www.miammiamcool.fr\/wp-content\/uploads\/2025\/12\/2025-09-10-Miam-miam-cool7406818-scaled.jpg\" \n\t  \t\t\t\t\t\t\tdata-fancybox=\"gallery\" \n\t  \t\t\t\t\t\t\tdata-caption=\"\">\n\n\t  \t\t\t\t\t\t\t<img decoding=\"async\" src=\"https:\/\/www.miammiamcool.fr\/wp-content\/uploads\/2025\/12\/2025-09-10-Miam-miam-cool7406818-scaled.jpg\" alt=\"\">\n\t  \t\t\t\t\t\t\t<div class=\"gallery-container\">\n\t\t  \t\t\t\t\t\t\t\t\t  \t\t\t\t\t\t\t\t<div class=\"gallery-icon\">\n\t\t\t  \t\t\t\t\t\t\t\t<i class=\"ovaicon-next-4\"><\/i>\n\t\t\t  \t\t\t\t\t\t\t<\/div>\n\t\t  \t\t\t\t\t\t\t\t\t  \t\t\t\t\t\t\t<div class=\"gallery-content\">\n\t\t\t  \t\t\t\t\t\t\t\t\t\t  \t\t\t\t\t\t\t\t<h2 class=\"gallery-title\">HOMEMADE RAVIOLI<\/h2>\n\t\t\t  \t\t\t\t\t\t\t\t\t\t  \t\t\t\t\t\t\t\t\t\t  \t\t\t\t\t\t<\/div>\n\t\t  \t\t\t\t\t\t<\/div>\n\t  \t\t\t\t\t\t<\/a>\n\t  \t\t\t\t\t<\/div>\n\t  \t\t\t\t\t  \t\t\t\t\t<div class=\"grid-item elementor-repeater-item-607f1fa\">\n\t  \t\t\t\t\t\t<a class=\"gallery-fancybox\" data-src=\"https:\/\/www.miammiamcool.fr\/wp-content\/uploads\/2025\/12\/2025-09-10-Miam-miam-cool7406807-scaled.jpg\" \n\t  \t\t\t\t\t\t\tdata-fancybox=\"gallery\" \n\t  \t\t\t\t\t\t\tdata-caption=\"\">\n\n\t  \t\t\t\t\t\t\t<img decoding=\"async\" src=\"https:\/\/www.miammiamcool.fr\/wp-content\/uploads\/2025\/12\/2025-09-10-Miam-miam-cool7406807-scaled.jpg\" alt=\"\">\n\t  \t\t\t\t\t\t\t<div class=\"gallery-container\">\n\t\t  \t\t\t\t\t\t\t\t\t  \t\t\t\t\t\t\t\t<div class=\"gallery-icon\">\n\t\t\t  \t\t\t\t\t\t\t\t<i class=\"ovaicon-next-4\"><\/i>\n\t\t\t  \t\t\t\t\t\t\t<\/div>\n\t\t  \t\t\t\t\t\t\t\t\t  \t\t\t\t\t\t\t<div class=\"gallery-content\">\n\t\t\t  \t\t\t\t\t\t\t\t\t\t  \t\t\t\t\t\t\t\t<h2 class=\"gallery-title\">Sichuan fried chicken <\/h2>\n\t\t\t  \t\t\t\t\t\t\t\t\t\t  \t\t\t\t\t\t\t\t\t\t  \t\t\t\t\t\t<\/div>\n\t\t  \t\t\t\t\t\t<\/div>\n\t  \t\t\t\t\t\t<\/a>\n\t  \t\t\t\t\t<\/div>\n\t  \t\t\t\t\t  \t\t\t\t\t<div class=\"grid-item elementor-repeater-item-e753e3a\">\n\t  \t\t\t\t\t\t<a class=\"gallery-fancybox\" data-src=\"https:\/\/www.miammiamcool.fr\/wp-content\/uploads\/2025\/12\/2025-09-10-Miam-miam-cool7406838-scaled.jpg\" \n\t  \t\t\t\t\t\t\tdata-fancybox=\"gallery\" \n\t  \t\t\t\t\t\t\tdata-caption=\"\">\n\n\t  \t\t\t\t\t\t\t<img decoding=\"async\" src=\"https:\/\/www.miammiamcool.fr\/wp-content\/uploads\/2025\/12\/2025-09-10-Miam-miam-cool7406838-scaled.jpg\" alt=\"\">\n\t  \t\t\t\t\t\t\t<div class=\"gallery-container\">\n\t\t  \t\t\t\t\t\t\t\t\t  \t\t\t\t\t\t\t\t<div class=\"gallery-icon\">\n\t\t\t  \t\t\t\t\t\t\t\t<i class=\"ovaicon-next-4\"><\/i>\n\t\t\t  \t\t\t\t\t\t\t<\/div>\n\t\t  \t\t\t\t\t\t\t\t\t  \t\t\t\t\t\t\t<div class=\"gallery-content\">\n\t\t\t  \t\t\t\t\t\t\t\t\t\t  \t\t\t\t\t\t\t\t<h2 class=\"gallery-title\">Shredded chicken <\/h2>\n\t\t\t  \t\t\t\t\t\t\t\t\t\t  \t\t\t\t\t\t\t\t\t\t  \t\t\t\t\t\t<\/div>\n\t\t  \t\t\t\t\t\t<\/div>\n\t  \t\t\t\t\t\t<\/a>\n\t  \t\t\t\t\t<\/div>\n\t  \t\t\t\t\t  \t\t\t\t\t<div class=\"grid-item elementor-repeater-item-f206b54\">\n\t  \t\t\t\t\t\t<a class=\"gallery-fancybox\" data-src=\"https:\/\/www.miammiamcool.fr\/wp-content\/uploads\/2025\/10\/2025-09-10-Miam-miam-cool7406931-scaled.jpg\" \n\t  \t\t\t\t\t\t\tdata-fancybox=\"gallery\" \n\t  \t\t\t\t\t\t\tdata-caption=\"\">\n\n\t  \t\t\t\t\t\t\t<img decoding=\"async\" src=\"https:\/\/www.miammiamcool.fr\/wp-content\/uploads\/2025\/10\/2025-09-10-Miam-miam-cool7406927-scaled.jpg\" alt=\"\">\n\t  \t\t\t\t\t\t\t<div class=\"gallery-container\">\n\t\t  \t\t\t\t\t\t\t\t\t  \t\t\t\t\t\t\t\t<div class=\"gallery-icon\">\n\t\t\t  \t\t\t\t\t\t\t\t<i class=\"ovaicon-next-4\"><\/i>\n\t\t\t  \t\t\t\t\t\t\t<\/div>\n\t\t  \t\t\t\t\t\t\t\t\t  \t\t\t\t\t\t\t<div class=\"gallery-content\">\n\t\t\t  \t\t\t\t\t\t\t\t\t\t  \t\t\t\t\t\t\t\t<h2 class=\"gallery-title\">Pork Wonton Soup (with or without spices) (pork \/ vegetarian)<\/h2>\n\t\t\t  \t\t\t\t\t\t\t\t\t\t  \t\t\t\t\t\t\t\t\t\t  \t\t\t\t\t\t<\/div>\n\t\t  \t\t\t\t\t\t<\/div>\n\t  \t\t\t\t\t\t<\/a>\n\t  \t\t\t\t\t<\/div>\n\t  \t\t\t\t\t  \t\t\t\t\t<div class=\"grid-item elementor-repeater-item-6469eb5\">\n\t  \t\t\t\t\t\t<a class=\"gallery-fancybox\" data-src=\"https:\/\/www.miammiamcool.fr\/wp-content\/uploads\/2025\/12\/2025-09-10-Miam-miam-cool7406940-scaled.jpg\" \n\t  \t\t\t\t\t\t\tdata-fancybox=\"gallery\" \n\t  \t\t\t\t\t\t\tdata-caption=\"\">\n\n\t  \t\t\t\t\t\t\t<img decoding=\"async\" src=\"https:\/\/www.miammiamcool.fr\/wp-content\/uploads\/2025\/12\/2025-09-10-Miam-miam-cool7406940-scaled.jpg\" alt=\"\">\n\t  \t\t\t\t\t\t\t<div class=\"gallery-container\">\n\t\t  \t\t\t\t\t\t\t\t\t  \t\t\t\t\t\t\t\t<div class=\"gallery-icon\">\n\t\t\t  \t\t\t\t\t\t\t\t<i class=\"ovaicon-next-4\"><\/i>\n\t\t\t  \t\t\t\t\t\t\t<\/div>\n\t\t  \t\t\t\t\t\t\t\t\t  \t\t\t\t\t\t\t<div class=\"gallery-content\">\n\t\t\t  \t\t\t\t\t\t\t\t\t\t  \t\t\t\t\t\t\t\t<h2 class=\"gallery-title\">Pork wonton soup with noodles<\/h2>\n\t\t\t  \t\t\t\t\t\t\t\t\t\t  \t\t\t\t\t\t\t\t\t\t  \t\t\t\t\t\t<\/div>\n\t\t  \t\t\t\t\t\t<\/div>\n\t  \t\t\t\t\t\t<\/a>\n\t  \t\t\t\t\t<\/div>\n\t  \t\t\t\t\t  \t\t\t\t\t<div class=\"grid-item elementor-repeater-item-2132fc1\">\n\t  \t\t\t\t\t\t<a class=\"gallery-fancybox\" data-src=\"https:\/\/www.miammiamcool.fr\/wp-content\/uploads\/2025\/10\/2025-09-10-Miam-miam-cool7406940-\u62f7\u8d1d-scaled.jpg\" \n\t  \t\t\t\t\t\t\tdata-fancybox=\"gallery\" \n\t  \t\t\t\t\t\t\tdata-caption=\"\">\n\n\t  \t\t\t\t\t\t\t<img decoding=\"async\" src=\"https:\/\/www.miammiamcool.fr\/wp-content\/uploads\/2025\/10\/2025-09-10-Miam-miam-cool7406940-\u62f7\u8d1d-scaled.jpg\" alt=\"\">\n\t  \t\t\t\t\t\t\t<div class=\"gallery-container\">\n\t\t  \t\t\t\t\t\t\t\t\t  \t\t\t\t\t\t\t\t<div class=\"gallery-icon\">\n\t\t\t  \t\t\t\t\t\t\t\t<i class=\"ovaicon-next-4\"><\/i>\n\t\t\t  \t\t\t\t\t\t\t<\/div>\n\t\t  \t\t\t\t\t\t\t\t\t  \t\t\t\t\t\t\t<div class=\"gallery-content\">\n\t\t\t  \t\t\t\t\t\t\t\t\t\t  \t\t\t\t\t\t\t\t<h2 class=\"gallery-title\">Pork Wonton Soup with Noodles and Beef<\/h2>\n\t\t\t  \t\t\t\t\t\t\t\t\t\t  \t\t\t\t\t\t\t\t\t\t  \t\t\t\t\t\t<\/div>\n\t\t  \t\t\t\t\t\t<\/div>\n\t  \t\t\t\t\t\t<\/a>\n\t  \t\t\t\t\t<\/div>\n\t  \t\t\t\t\t  \t\t\t\t\t<div class=\"grid-item elementor-repeater-item-742f101\">\n\t  \t\t\t\t\t\t<a class=\"gallery-fancybox\" data-src=\"https:\/\/www.miammiamcool.fr\/wp-content\/uploads\/2025\/10\/2025-09-10-Miam-miam-cool7406950-scaled.jpg\" \n\t  \t\t\t\t\t\t\tdata-fancybox=\"gallery\" \n\t  \t\t\t\t\t\t\tdata-caption=\"\">\n\n\t  \t\t\t\t\t\t\t<img decoding=\"async\" src=\"https:\/\/www.miammiamcool.fr\/wp-content\/uploads\/2025\/10\/2025-09-10-Miam-miam-cool7406950-scaled.jpg\" alt=\"\">\n\t  \t\t\t\t\t\t\t<div class=\"gallery-container\">\n\t\t  \t\t\t\t\t\t\t\t\t  \t\t\t\t\t\t\t\t<div class=\"gallery-icon\">\n\t\t\t  \t\t\t\t\t\t\t\t<i class=\"ovaicon-next-4\"><\/i>\n\t\t\t  \t\t\t\t\t\t\t<\/div>\n\t\t  \t\t\t\t\t\t\t\t\t  \t\t\t\t\t\t\t<div class=\"gallery-content\">\n\t\t\t  \t\t\t\t\t\t\t\t\t\t  \t\t\t\t\t\t\t\t<h2 class=\"gallery-title\">Pork Wonton soup with noodles, tomatoes and eggs<\/h2>\n\t\t\t  \t\t\t\t\t\t\t\t\t\t  \t\t\t\t\t\t\t\t\t\t  \t\t\t\t\t\t<\/div>\n\t\t  \t\t\t\t\t\t<\/div>\n\t  \t\t\t\t\t\t<\/a>\n\t  \t\t\t\t\t<\/div>\n\t  \t\t\t\t\t  \t\t\t\t\t<div class=\"grid-item elementor-repeater-item-36ac0db\">\n\t  \t\t\t\t\t\t<a class=\"gallery-fancybox\" data-src=\"https:\/\/www.miammiamcool.fr\/wp-content\/uploads\/2025\/12\/2025-09-10-Miam-miam-cool7406943-scaled.jpg\" \n\t  \t\t\t\t\t\t\tdata-fancybox=\"gallery\" \n\t  \t\t\t\t\t\t\tdata-caption=\"\">\n\n\t  \t\t\t\t\t\t\t<img decoding=\"async\" src=\"https:\/\/www.miammiamcool.fr\/wp-content\/uploads\/2025\/12\/2025-09-10-Miam-miam-cool7406943-scaled.jpg\" alt=\"\">\n\t  \t\t\t\t\t\t\t<div class=\"gallery-container\">\n\t\t  \t\t\t\t\t\t\t\t\t  \t\t\t\t\t\t\t\t<div class=\"gallery-icon\">\n\t\t\t  \t\t\t\t\t\t\t\t<i class=\"ovaicon-next-4\"><\/i>\n\t\t\t  \t\t\t\t\t\t\t<\/div>\n\t\t  \t\t\t\t\t\t\t\t\t  \t\t\t\t\t\t\t<div class=\"gallery-content\">\n\t\t\t  \t\t\t\t\t\t\t\t\t\t  \t\t\t\t\t\t\t\t<h2 class=\"gallery-title\">Pork wonton soup with noodles Pork and beef tripe<\/h2>\n\t\t\t  \t\t\t\t\t\t\t\t\t\t  \t\t\t\t\t\t\t\t\t\t  \t\t\t\t\t\t<\/div>\n\t\t  \t\t\t\t\t\t<\/div>\n\t  \t\t\t\t\t\t<\/a>\n\t  \t\t\t\t\t<\/div>\n\t  \t\t\t\t\t  \t\t\t\t\t<div class=\"grid-item elementor-repeater-item-a9fece9\">\n\t  \t\t\t\t\t\t<a class=\"gallery-fancybox\" data-src=\"https:\/\/www.miammiamcool.fr\/wp-content\/uploads\/2025\/12\/2025-09-10-Miam-miam-cool7406945-scaled.jpg\" \n\t  \t\t\t\t\t\t\tdata-fancybox=\"gallery\" \n\t  \t\t\t\t\t\t\tdata-caption=\"\">\n\n\t  \t\t\t\t\t\t\t<img decoding=\"async\" src=\"https:\/\/www.miammiamcool.fr\/wp-content\/uploads\/2025\/12\/2025-09-10-Miam-miam-cool7406945-scaled.jpg\" alt=\"\">\n\t  \t\t\t\t\t\t\t<div class=\"gallery-container\">\n\t\t  \t\t\t\t\t\t\t\t\t  \t\t\t\t\t\t\t\t<div class=\"gallery-icon\">\n\t\t\t  \t\t\t\t\t\t\t\t<i class=\"ovaicon-next-4\"><\/i>\n\t\t\t  \t\t\t\t\t\t\t<\/div>\n\t\t  \t\t\t\t\t\t\t\t\t  \t\t\t\t\t\t\t<div class=\"gallery-content\">\n\t\t\t  \t\t\t\t\t\t\t\t\t\t  \t\t\t\t\t\t\t\t<h2 class=\"gallery-title\">Pork wonton soup with noodles and minced pork <\/h2>\n\t\t\t  \t\t\t\t\t\t\t\t\t\t  \t\t\t\t\t\t\t\t\t\t  \t\t\t\t\t\t<\/div>\n\t\t  \t\t\t\t\t\t<\/div>\n\t  \t\t\t\t\t\t<\/a>\n\t  \t\t\t\t\t<\/div>\n\t  \t\t\t\t\t  \t\t\t\t\t<div class=\"grid-item elementor-repeater-item-15ab6d8\">\n\t  \t\t\t\t\t\t<a class=\"gallery-fancybox\" data-src=\"https:\/\/www.miammiamcool.fr\/wp-content\/uploads\/2025\/12\/2025-09-10-Miam-miam-cool7406861-scaled.jpg\" \n\t  \t\t\t\t\t\t\tdata-fancybox=\"gallery\" \n\t  \t\t\t\t\t\t\tdata-caption=\"\">\n\n\t  \t\t\t\t\t\t\t<img decoding=\"async\" src=\"https:\/\/www.miammiamcool.fr\/wp-content\/uploads\/2025\/12\/2025-09-10-Miam-miam-cool7406861-scaled.jpg\" alt=\"\">\n\t  \t\t\t\t\t\t\t<div class=\"gallery-container\">\n\t\t  \t\t\t\t\t\t\t\t\t  \t\t\t\t\t\t\t\t<div class=\"gallery-icon\">\n\t\t\t  \t\t\t\t\t\t\t\t<i class=\"ovaicon-next-4\"><\/i>\n\t\t\t  \t\t\t\t\t\t\t<\/div>\n\t\t  \t\t\t\t\t\t\t\t\t  \t\t\t\t\t\t\t<div class=\"gallery-content\">\n\t\t\t  \t\t\t\t\t\t\t\t\t\t  \t\t\t\t\t\t\t\t<h2 class=\"gallery-title\">Noodles with mashed potato sauce <\/h2>\n\t\t\t  \t\t\t\t\t\t\t\t\t\t  \t\t\t\t\t\t\t\t\t\t  \t\t\t\t\t\t<\/div>\n\t\t  \t\t\t\t\t\t<\/div>\n\t  \t\t\t\t\t\t<\/a>\n\t  \t\t\t\t\t<\/div>\n\t  \t\t\t\t\t  \t\t\t\t\t<div class=\"grid-item elementor-repeater-item-e2ec95c\">\n\t  \t\t\t\t\t\t<a class=\"gallery-fancybox\" data-src=\"https:\/\/www.miammiamcool.fr\/wp-content\/uploads\/2025\/10\/2025-09-10-Miam-miam-cool7406875-scaled.jpg\" \n\t  \t\t\t\t\t\t\tdata-fancybox=\"gallery\" \n\t  \t\t\t\t\t\t\tdata-caption=\"\">\n\n\t  \t\t\t\t\t\t\t<img decoding=\"async\" src=\"https:\/\/www.miammiamcool.fr\/wp-content\/uploads\/2025\/10\/2025-09-10-Miam-miam-cool7406875-scaled.jpg\" alt=\"\">\n\t  \t\t\t\t\t\t\t<div class=\"gallery-container\">\n\t\t  \t\t\t\t\t\t\t\t\t  \t\t\t\t\t\t\t\t<div class=\"gallery-icon\">\n\t\t\t  \t\t\t\t\t\t\t\t<i class=\"ovaicon-next-4\"><\/i>\n\t\t\t  \t\t\t\t\t\t\t<\/div>\n\t\t  \t\t\t\t\t\t\t\t\t  \t\t\t\t\t\t\t<div class=\"gallery-content\">\n\t\t\t  \t\t\t\t\t\t\t\t\t\t  \t\t\t\t\t\t\t\t<h2 class=\"gallery-title\">Noodles with minced pork and peas<\/h2>\n\t\t\t  \t\t\t\t\t\t\t\t\t\t  \t\t\t\t\t\t\t\t\t\t  \t\t\t\t\t\t<\/div>\n\t\t  \t\t\t\t\t\t<\/div>\n\t  \t\t\t\t\t\t<\/a>\n\t  \t\t\t\t\t<\/div>\n\t  \t\t\t\t\t  \t\t\t\t\t<div class=\"grid-item elementor-repeater-item-ae67e1e\">\n\t  \t\t\t\t\t\t<a class=\"gallery-fancybox\" data-src=\"https:\/\/www.miammiamcool.fr\/wp-content\/uploads\/2025\/12\/2025-09-10-Miam-miam-cool7406881-scaled.jpg\" \n\t  \t\t\t\t\t\t\tdata-fancybox=\"gallery\" \n\t  \t\t\t\t\t\t\tdata-caption=\"\">\n\n\t  \t\t\t\t\t\t\t<img decoding=\"async\" src=\"https:\/\/www.miammiamcool.fr\/wp-content\/uploads\/2025\/12\/2025-09-10-Miam-miam-cool7406881-scaled.jpg\" alt=\"\">\n\t  \t\t\t\t\t\t\t<div class=\"gallery-container\">\n\t\t  \t\t\t\t\t\t\t\t\t  \t\t\t\t\t\t\t\t<div class=\"gallery-icon\">\n\t\t\t  \t\t\t\t\t\t\t\t<i class=\"ovaicon-next-4\"><\/i>\n\t\t\t  \t\t\t\t\t\t\t<\/div>\n\t\t  \t\t\t\t\t\t\t\t\t  \t\t\t\t\t\t\t<div class=\"gallery-content\">\n\t\t\t  \t\t\t\t\t\t\t\t\t\t  \t\t\t\t\t\t\t\t<h2 class=\"gallery-title\">Minced pork noodles <\/h2>\n\t\t\t  \t\t\t\t\t\t\t\t\t\t  \t\t\t\t\t\t\t\t\t\t  \t\t\t\t\t\t<\/div>\n\t\t  \t\t\t\t\t\t<\/div>\n\t  \t\t\t\t\t\t<\/a>\n\t  \t\t\t\t\t<\/div>\n\t  \t\t\t\t\t  \t\t\t\t\t<div class=\"grid-item elementor-repeater-item-a8d48dd\">\n\t  \t\t\t\t\t\t<a class=\"gallery-fancybox\" data-src=\"https:\/\/www.miammiamcool.fr\/wp-content\/uploads\/2025\/10\/2025-09-10-Miam-miam-cool7406889-scaled.jpg\" \n\t  \t\t\t\t\t\t\tdata-fancybox=\"gallery\" \n\t  \t\t\t\t\t\t\tdata-caption=\"\">\n\n\t  \t\t\t\t\t\t\t<img decoding=\"async\" src=\"https:\/\/www.miammiamcool.fr\/wp-content\/uploads\/2025\/10\/2025-09-10-Miam-miam-cool7406889-scaled.jpg\" alt=\"\">\n\t  \t\t\t\t\t\t\t<div class=\"gallery-container\">\n\t\t  \t\t\t\t\t\t\t\t\t  \t\t\t\t\t\t\t\t<div class=\"gallery-icon\">\n\t\t\t  \t\t\t\t\t\t\t\t<i class=\"ovaicon-next-4\"><\/i>\n\t\t\t  \t\t\t\t\t\t\t<\/div>\n\t\t  \t\t\t\t\t\t\t\t\t  \t\t\t\t\t\t\t<div class=\"gallery-content\">\n\t\t\t  \t\t\t\t\t\t\t\t\t\t  \t\t\t\t\t\t\t\t<h2 class=\"gallery-title\">Vermicelli \/ vegetarian noodles<\/h2>\n\t\t\t  \t\t\t\t\t\t\t\t\t\t  \t\t\t\t\t\t\t\t\t\t  \t\t\t\t\t\t<\/div>\n\t\t  \t\t\t\t\t\t<\/div>\n\t  \t\t\t\t\t\t<\/a>\n\t  \t\t\t\t\t<\/div>\n\t  \t\t\t\t\t  \t\t\t\t\t<div class=\"grid-item elementor-repeater-item-660d41d\">\n\t  \t\t\t\t\t\t<a class=\"gallery-fancybox\" data-src=\"https:\/\/www.miammiamcool.fr\/wp-content\/uploads\/2025\/12\/2025-09-10-Miam-miam-cool7406959-scaled.jpg\" \n\t  \t\t\t\t\t\t\tdata-fancybox=\"gallery\" \n\t  \t\t\t\t\t\t\tdata-caption=\"\">\n\n\t  \t\t\t\t\t\t\t<img decoding=\"async\" src=\"https:\/\/www.miammiamcool.fr\/wp-content\/uploads\/2025\/12\/2025-09-10-Miam-miam-cool7406894-scaled.jpg\" alt=\"\">\n\t  \t\t\t\t\t\t\t<div class=\"gallery-container\">\n\t\t  \t\t\t\t\t\t\t\t\t  \t\t\t\t\t\t\t\t<div class=\"gallery-icon\">\n\t\t\t  \t\t\t\t\t\t\t\t<i class=\"ovaicon-next-4\"><\/i>\n\t\t\t  \t\t\t\t\t\t\t<\/div>\n\t\t  \t\t\t\t\t\t\t\t\t  \t\t\t\t\t\t\t<div class=\"gallery-content\">\n\t\t\t  \t\t\t\t\t\t\t\t\t\t  \t\t\t\t\t\t\t\t<h2 class=\"gallery-title\">Vermicelli \/ noodles pork and beef tripe<\/h2>\n\t\t\t  \t\t\t\t\t\t\t\t\t\t  \t\t\t\t\t\t\t\t\t\t  \t\t\t\t\t\t<\/div>\n\t\t  \t\t\t\t\t\t<\/div>\n\t  \t\t\t\t\t\t<\/a>\n\t  \t\t\t\t\t<\/div>\n\t  \t\t\t\t\t  \t\t\t\t\t<div class=\"grid-item elementor-repeater-item-55b63ca\">\n\t  \t\t\t\t\t\t<a class=\"gallery-fancybox\" data-src=\"https:\/\/www.miammiamcool.fr\/wp-content\/uploads\/2025\/12\/2025-09-10-Miam-miam-cool7406904-scaled.jpg\" \n\t  \t\t\t\t\t\t\tdata-fancybox=\"gallery\" \n\t  \t\t\t\t\t\t\tdata-caption=\"\">\n\n\t  \t\t\t\t\t\t\t<img decoding=\"async\" src=\"https:\/\/www.miammiamcool.fr\/wp-content\/uploads\/2025\/12\/2025-09-10-Miam-miam-cool7406904-scaled.jpg\" alt=\"\">\n\t  \t\t\t\t\t\t\t<div class=\"gallery-container\">\n\t\t  \t\t\t\t\t\t\t\t\t  \t\t\t\t\t\t\t\t<div class=\"gallery-icon\">\n\t\t\t  \t\t\t\t\t\t\t\t<i class=\"ovaicon-next-4\"><\/i>\n\t\t\t  \t\t\t\t\t\t\t<\/div>\n\t\t  \t\t\t\t\t\t\t\t\t  \t\t\t\t\t\t\t<div class=\"gallery-content\">\n\t\t\t  \t\t\t\t\t\t\t\t\t\t  \t\t\t\t\t\t\t\t<h2 class=\"gallery-title\">Vermicelli \/ noodles with tomato and egg<\/h2>\n\t\t\t  \t\t\t\t\t\t\t\t\t\t  \t\t\t\t\t\t\t\t\t\t  \t\t\t\t\t\t<\/div>\n\t\t  \t\t\t\t\t\t<\/div>\n\t  \t\t\t\t\t\t<\/a>\n\t  \t\t\t\t\t<\/div>\n\t  \t\t\t\t\t  \t\t\t\t\t<div class=\"grid-item elementor-repeater-item-5ca524a\">\n\t  \t\t\t\t\t\t<a class=\"gallery-fancybox\" data-src=\"https:\/\/www.miammiamcool.fr\/wp-content\/uploads\/2025\/12\/2025-09-10-Miam-miam-cool7406961-scaled.jpg\" \n\t  \t\t\t\t\t\t\tdata-fancybox=\"gallery\" \n\t  \t\t\t\t\t\t\tdata-caption=\"\">\n\n\t  \t\t\t\t\t\t\t<img decoding=\"async\" src=\"https:\/\/www.miammiamcool.fr\/wp-content\/uploads\/2025\/12\/2025-09-10-Miam-miam-cool7406961-scaled.jpg\" alt=\"\">\n\t  \t\t\t\t\t\t\t<div class=\"gallery-container\">\n\t\t  \t\t\t\t\t\t\t\t\t  \t\t\t\t\t\t\t\t<div class=\"gallery-icon\">\n\t\t\t  \t\t\t\t\t\t\t\t<i class=\"ovaicon-next-4\"><\/i>\n\t\t\t  \t\t\t\t\t\t\t<\/div>\n\t\t  \t\t\t\t\t\t\t\t\t  \t\t\t\t\t\t\t<div class=\"gallery-content\">\n\t\t\t  \t\t\t\t\t\t\t\t\t\t  \t\t\t\t\t\t\t\t<h2 class=\"gallery-title\">Vermicelli with minced chicken and pickled cabbage<\/h2>\n\t\t\t  \t\t\t\t\t\t\t\t\t\t  \t\t\t\t\t\t\t\t\t\t  \t\t\t\t\t\t<\/div>\n\t\t  \t\t\t\t\t\t<\/div>\n\t  \t\t\t\t\t\t<\/a>\n\t  \t\t\t\t\t<\/div>\n\t  \t\t\t\t\t        \t<\/div>\n\n\t\t\t<\/div>\n\t\t\t\t\t\t<\/div>\n\t\t\t\t<\/div>\n\t\t\t\t\t<\/div>\n\t\t<\/div>\n\t\t\t\t\t<\/div>\n\t\t<\/section>\n\t\t\t\t<\/div>","protected":false},"excerpt":{"rendered":"<p>B\u0153uf aux cinq \u00e9pices Concombre aux cacahu\u00e8tes et au vinaigre \u0153ufs de cent ans aux piments pil\u00e9s Pommes de terre vinaigr\u00e9es en julienne Choux marin\u00e9s \u00e0 l\u2019huile piment\u00e9e RAVIOLIS FAITS MAISON Poulet frit \u00e0 la fa\u00e7on du Sichuan Poulet effiloch\u00e9 Soupe de Wontons au porc (avec Ou non \u00e9pic\u00e9) (porc \/ v\u00e9g\u00e9tarien) Soupe de Wontons [&hellip;]<\/p>\n","protected":false},"author":1,"featured_media":0,"parent":0,"menu_order":0,"comment_status":"closed","ping_status":"closed","template":"elementor_header_footer","meta":{"footnotes":""},"class_list":["post-5885","page","type-page","status-publish","hentry"],"_links":{"self":[{"href":"https:\/\/www.miammiamcool.fr\/en\/wp-json\/wp\/v2\/pages\/5885","targetHints":{"allow":["GET"]}}],"collection":[{"href":"https:\/\/www.miammiamcool.fr\/en\/wp-json\/wp\/v2\/pages"}],"about":[{"href":"https:\/\/www.miammiamcool.fr\/en\/wp-json\/wp\/v2\/types\/page"}],"author":[{"embeddable":true,"href":"https:\/\/www.miammiamcool.fr\/en\/wp-json\/wp\/v2\/users\/1"}],"replies":[{"embeddable":true,"href":"https:\/\/www.miammiamcool.fr\/en\/wp-json\/wp\/v2\/comments?post=5885"}],"version-history":[{"count":46,"href":"https:\/\/www.miammiamcool.fr\/en\/wp-json\/wp\/v2\/pages\/5885\/revisions"}],"predecessor-version":[{"id":6543,"href":"https:\/\/www.miammiamcool.fr\/en\/wp-json\/wp\/v2\/pages\/5885\/revisions\/6543"}],"wp:attachment":[{"href":"https:\/\/www.miammiamcool.fr\/en\/wp-json\/wp\/v2\/media?parent=5885"}],"curies":[{"name":"wp","href":"https:\/\/api.w.org\/{rel}","templated":true}]}}