{"id":1642,"date":"2021-08-22T15:05:46","date_gmt":"2021-08-22T15:05:46","guid":{"rendered":"https:\/\/www.miammiamcool.fr\/?page_id=1642"},"modified":"2026-01-29T14:36:50","modified_gmt":"2026-01-29T14:36:50","slug":"contact-us","status":"publish","type":"page","link":"https:\/\/www.miammiamcool.fr\/en\/contact-us\/","title":{"rendered":"Contact"},"content":{"rendered":"\t\t<div data-elementor-type=\"wp-page\" data-elementor-id=\"1642\" class=\"elementor elementor-1642\" data-elementor-post-type=\"page\">\n\t\t\t\t\t\t<section class=\"elementor-section elementor-top-section elementor-element elementor-element-ddb718e elementor-section-boxed elementor-section-height-default elementor-section-height-default\" data-id=\"ddb718e\" data-element_type=\"section\" data-e-type=\"section\">\n\t\t\t\t\t\t<div class=\"elementor-container elementor-column-gap-default\">\n\t\t\t\t\t<div class=\"elementor-column elementor-col-100 elementor-top-column elementor-element elementor-element-38c3618\" data-id=\"38c3618\" data-element_type=\"column\" data-e-type=\"column\">\n\t\t\t<div class=\"elementor-widget-wrap elementor-element-populated\">\n\t\t\t\t\t\t<div class=\"elementor-element elementor-element-e5d7b60 elementor-widget elementor-widget-kababi_elementor_heading\" data-id=\"e5d7b60\" data-element_type=\"widget\" data-e-type=\"widget\" data-widget_type=\"kababi_elementor_heading.default\">\n\t\t\t\t<div class=\"elementor-widget-container\">\n\t\t\t\t\t\t\t<div class=\"ova-heading\">\n\n\t\t\t<h2 class=\"title title-capitalize\">\n\n\t\t\t\tA Paris 9e\n\t\t\t<\/h2>\n\n\t\t\t\t\t\t\n\t\t\t\t\t\t\t\t<p class=\"description\">Miam-miam Cool 9\u00e8me est une cantine chinoise moderne situ\u00e9e dans le 9\u1d49 arrondissement de Paris, \u00e0 proximit\u00e9 des Galeries Lafayette. Appr\u00e9ci\u00e9 pour sa cuisine chinoise savoureuse, ses portions g\u00e9n\u00e9reuses et ses prix accessibles (\u2248 10\u201320 \u20ac), le restaurant offre une ambiance conviviale et d\u00e9tendue, id\u00e9ale pour une pause d\u00e9jeuner ou un repas entre amis.<\/p>\n\t\t\t\t\t \t\n\t    <\/div>\n\t\t\t\t\t\t<\/div>\n\t\t\t\t<\/div>\n\t\t\t\t<div class=\"elementor-element elementor-element-94f2649 elementor-widget elementor-widget-google_maps\" data-id=\"94f2649\" data-element_type=\"widget\" data-e-type=\"widget\" data-widget_type=\"google_maps.default\">\n\t\t\t\t\t\t\t<div class=\"elementor-custom-embed\">\n\t\t\t<iframe loading=\"lazy\"\n\t\t\t\t\tsrc=\"https:\/\/maps.google.com\/maps?q=41%20Rue%20de%20Provence%2C%2075009%20Paris&#038;t=m&#038;z=16&#038;output=embed&#038;iwloc=near\"\n\t\t\t\t\ttitle=\"41 Rue de Provence, 75009 Paris\"\n\t\t\t\t\taria-label=\"41 Rue de Provence, 75009 Paris\"\n\t\t\t><\/iframe>\n\t\t<\/div>\n\t\t\t\t\t\t<\/div>\n\t\t<div class=\"elementor-element elementor-element-bfa38f9 e-grid e-con-boxed e-con e-parent\" data-id=\"bfa38f9\" data-element_type=\"container\" data-e-type=\"container\">\n\t\t\t\t\t<div class=\"e-con-inner\">\n\t\t\t\t<div class=\"elementor-element elementor-element-a0d7151 elementor-widget elementor-widget-image\" data-id=\"a0d7151\" data-element_type=\"widget\" data-e-type=\"widget\" data-widget_type=\"image.default\">\n\t\t\t\t\t\t\t\t\t\t\t\t\t\t\t<img fetchpriority=\"high\" decoding=\"async\" width=\"800\" height=\"451\" src=\"https:\/\/www.miammiamcool.fr\/wp-content\/uploads\/2025\/12\/paris9-1024x577.jpg\" class=\"attachment-large size-large wp-image-6459\" alt=\"\" srcset=\"https:\/\/www.miammiamcool.fr\/wp-content\/uploads\/2025\/12\/paris9-1024x577.jpg 1024w, https:\/\/www.miammiamcool.fr\/wp-content\/uploads\/2025\/12\/paris9-300x169.jpg 300w, https:\/\/www.miammiamcool.fr\/wp-content\/uploads\/2025\/12\/paris9-768x433.jpg 768w, https:\/\/www.miammiamcool.fr\/wp-content\/uploads\/2025\/12\/paris9.jpg 1360w\" sizes=\"(max-width: 800px) 100vw, 800px\" \/>\t\t\t\t\t\t\t\t\t\t\t\t\t\t\t<\/div>\n\t\t\t\t<div class=\"elementor-element elementor-element-debbbf8 elementor-widget elementor-widget-kababi_elementor_contact_info\" data-id=\"debbbf8\" data-element_type=\"widget\" data-e-type=\"widget\" data-widget_type=\"kababi_elementor_contact_info.default\">\n\t\t\t\t<div class=\"elementor-widget-container\">\n\t\t\t\t\t\t\t\t<div class=\"ova-contact-info\">\n\t\t\t\t\t\t\t\t\t<div class=\"icon\">\n\t\t\t\t\t\t<i class=\"ovaicon-pin\"><\/i>\n\t\t\t\t\t<\/div>\t\n\t\t\t\t\t\t\t\t<div class=\"contact\">\n\t\t\t\t\t\t\t\t\t\t\t<div class=\"label\">\n\t\t\t\t\t\t\tAdresse\t\t\t\t\t\t<\/div>\n\t\t\t\t\t\t\t\t\t\t<ul class=\"info\">\n\t\t\t\t\t\t\t\t\t\t\t\t\t\t<li class=\"item\">\n\t\t\t\t\t\t\t\t41 rue de Provence, 75009 Paris\t\t\t\t\t\t\t\t<\/li>\n\t\t\t\t\t\t\t\t\t\t\t\t\t\t\t<li class=\"item\">\n\t\t\t\t\t\t\t\t09 81 65 70 10\t\t\t\t\t\t\t\t<\/li>\n\t\t\t\t\t\t\t\t\t\t\t\t\t\t\t<li class=\"item\">\n\t\t\t\t\t\t\t\tLundi - Samedi : 12h-21h.\t\t\t\t\t\t\t\t<\/li>\n\t\t\t\t\t\t\t\t\t\t\t\t\t\t\t<li class=\"item\">\n\t\t\t\t\t\t\t\tM\u00c9TRO : 7\/9 CHAUSS\u00c9E D&#039;ANTIN-LA FAYETTE\t\t\t\t\t\t\t\t<\/li>\n\t\t\t\t\t\t\t\t\t\t\t\t<\/ul>\n\t\t\t\t<\/div>\n\t\t\t<\/div>\n\t\t\t\t\t\t\t<\/div>\n\t\t\t\t<\/div>\n\t\t\t\t\t<\/div>\n\t\t\t\t<\/div>\n\t\t\t\t\t<\/div>\n\t\t<\/div>\n\t\t\t\t\t<\/div>\n\t\t<\/section>\n\t\t\t\t<section class=\"elementor-section elementor-top-section elementor-element elementor-element-b550dbc elementor-section-boxed elementor-section-height-default elementor-section-height-default\" data-id=\"b550dbc\" data-element_type=\"section\" data-e-type=\"section\">\n\t\t\t\t\t\t<div class=\"elementor-container elementor-column-gap-default\">\n\t\t\t\t\t<div class=\"elementor-column elementor-col-100 elementor-top-column elementor-element elementor-element-fdfb3af\" data-id=\"fdfb3af\" data-element_type=\"column\" data-e-type=\"column\">\n\t\t\t<div class=\"elementor-widget-wrap elementor-element-populated\">\n\t\t\t\t\t\t<div class=\"elementor-element elementor-element-5053f83 elementor-widget elementor-widget-kababi_elementor_heading\" data-id=\"5053f83\" data-element_type=\"widget\" data-e-type=\"widget\" data-widget_type=\"kababi_elementor_heading.default\">\n\t\t\t\t<div class=\"elementor-widget-container\">\n\t\t\t\t\t\t\t<div class=\"ova-heading\">\n\n\t\t\t<h2 class=\"title title-capitalize\">\n\n\t\t\t\tA Paris 12e\n\t\t\t<\/h2>\n\n\t\t\t\t\t\t\n\t\t\t\t\t\t\t\t<p class=\"description\">Miam-miam Cool 12\u00e8me est une cantine chinoise moderne situ\u00e9e dans le 12\u1d49 arrondissement de Paris. Appr\u00e9ci\u00e9 pour sa cuisine chinoise savoureuse, ses portions g\u00e9n\u00e9reuses et ses prix accessibles (\u2248 10\u201320 \u20ac), le restaurant offre une ambiance conviviale et d\u00e9tendue, id\u00e9ale pour un repas rapide ou entre amis.<\/p>\n\t\t\t\t\t \t\n\t    <\/div>\n\t\t\t\t\t\t<\/div>\n\t\t\t\t<\/div>\n\t\t\t\t<div class=\"elementor-element elementor-element-64ce3f9 elementor-widget elementor-widget-google_maps\" data-id=\"64ce3f9\" data-element_type=\"widget\" data-e-type=\"widget\" data-widget_type=\"google_maps.default\">\n\t\t\t\t\t\t\t<div class=\"elementor-custom-embed\">\n\t\t\t<iframe loading=\"lazy\"\n\t\t\t\t\tsrc=\"https:\/\/maps.google.com\/maps?q=147%20Rue%20de%20Charenton%2C%2075012%20Paris&#038;t=m&#038;z=16&#038;output=embed&#038;iwloc=near\"\n\t\t\t\t\ttitle=\"147 Rue de Charenton, 75012 Paris\"\n\t\t\t\t\taria-label=\"147 Rue de Charenton, 75012 Paris\"\n\t\t\t><\/iframe>\n\t\t<\/div>\n\t\t\t\t\t\t<\/div>\n\t\t<div class=\"elementor-element elementor-element-d1d3b1c e-grid e-con-boxed e-con e-parent\" data-id=\"d1d3b1c\" data-element_type=\"container\" data-e-type=\"container\">\n\t\t\t\t\t<div class=\"e-con-inner\">\n\t\t\t\t<div class=\"elementor-element elementor-element-57dfddc elementor-widget elementor-widget-image\" data-id=\"57dfddc\" data-element_type=\"widget\" data-e-type=\"widget\" data-widget_type=\"image.default\">\n\t\t\t\t\t\t\t\t\t\t\t\t\t\t\t<img decoding=\"async\" width=\"800\" height=\"451\" src=\"https:\/\/www.miammiamcool.fr\/wp-content\/uploads\/2025\/12\/paris12-1024x577.jpg\" class=\"attachment-large size-large wp-image-6450\" alt=\"\" srcset=\"https:\/\/www.miammiamcool.fr\/wp-content\/uploads\/2025\/12\/paris12-1024x577.jpg 1024w, https:\/\/www.miammiamcool.fr\/wp-content\/uploads\/2025\/12\/paris12-300x169.jpg 300w, https:\/\/www.miammiamcool.fr\/wp-content\/uploads\/2025\/12\/paris12-768x433.jpg 768w, https:\/\/www.miammiamcool.fr\/wp-content\/uploads\/2025\/12\/paris12.jpg 1360w\" sizes=\"(max-width: 800px) 100vw, 800px\" \/>\t\t\t\t\t\t\t\t\t\t\t\t\t\t\t<\/div>\n\t\t\t\t<div class=\"elementor-element elementor-element-c7a5b68 elementor-widget elementor-widget-kababi_elementor_contact_info\" data-id=\"c7a5b68\" data-element_type=\"widget\" data-e-type=\"widget\" data-widget_type=\"kababi_elementor_contact_info.default\">\n\t\t\t\t<div class=\"elementor-widget-container\">\n\t\t\t\t\t\t\t\t<div class=\"ova-contact-info\">\n\t\t\t\t\t\t\t\t\t<div class=\"icon\">\n\t\t\t\t\t\t<i class=\"ovaicon-pin\"><\/i>\n\t\t\t\t\t<\/div>\t\n\t\t\t\t\t\t\t\t<div class=\"contact\">\n\t\t\t\t\t\t\t\t\t\t\t<div class=\"label\">\n\t\t\t\t\t\t\tAdresse\t\t\t\t\t\t<\/div>\n\t\t\t\t\t\t\t\t\t\t<ul class=\"info\">\n\t\t\t\t\t\t\t\t\t\t\t\t\t\t<li class=\"item\">\n\t\t\t\t\t\t\t\t147 Rue de Charenton, 75012 Paris\t\t\t\t\t\t\t\t<\/li>\n\t\t\t\t\t\t\t\t\t\t\t\t\t\t\t<li class=\"item\">\n\t\t\t\t\t\t\t\t09 55 48 29 06\t\t\t\t\t\t\t\t<\/li>\n\t\t\t\t\t\t\t\t\t\t\t\t\t\t\t<li class=\"item\">\n\t\t\t\t\t\t\t\tLundi - Samedi : 12h-15h. 18h-22h.\t\t\t\t\t\t\t\t<\/li>\n\t\t\t\t\t\t\t\t\t\t\t\t\t\t\t<li class=\"item\">\n\t\t\t\t\t\t\t\tM\u00c9TRO : 1\/8 REUILLY-DIDEROT\t\t\t\t\t\t\t\t<\/li>\n\t\t\t\t\t\t\t\t\t\t\t\t<\/ul>\n\t\t\t\t<\/div>\n\t\t\t<\/div>\n\t\t\t\t\t\t\t<\/div>\n\t\t\t\t<\/div>\n\t\t\t\t\t<\/div>\n\t\t\t\t<\/div>\n\t\t\t\t\t<\/div>\n\t\t<\/div>\n\t\t\t\t\t<\/div>\n\t\t<\/section>\n\t\t\t\t<section class=\"elementor-section elementor-top-section elementor-element elementor-element-99cd21a elementor-section-boxed elementor-section-height-default elementor-section-height-default\" data-id=\"99cd21a\" data-element_type=\"section\" data-e-type=\"section\">\n\t\t\t\t\t\t<div class=\"elementor-container elementor-column-gap-default\">\n\t\t\t\t\t<div class=\"elementor-column elementor-col-100 elementor-top-column elementor-element elementor-element-79ef14f\" data-id=\"79ef14f\" data-element_type=\"column\" data-e-type=\"column\">\n\t\t\t<div class=\"elementor-widget-wrap elementor-element-populated\">\n\t\t\t\t\t\t<div class=\"elementor-element elementor-element-75e1de8 elementor-widget elementor-widget-kababi_elementor_heading\" data-id=\"75e1de8\" data-element_type=\"widget\" data-e-type=\"widget\" data-widget_type=\"kababi_elementor_heading.default\">\n\t\t\t\t<div class=\"elementor-widget-container\">\n\t\t\t\t\t\t\t<div class=\"ova-heading\">\n\n\t\t\t<h2 class=\"title title-capitalize\">\n\n\t\t\t\tA Paris 13e\n\t\t\t<\/h2>\n\n\t\t\t\t\t\t\n\t\t\t\t\t\t\t\t<p class=\"description\">Miam-miam Cool 13\u00e8me est une cantine chinoise moderne situ\u00e9e dans le 13\u1d49 arrondissement de Paris. Appr\u00e9ci\u00e9 pour sa cuisine chinoise savoureuse, ses portions g\u00e9n\u00e9reuses et ses prix accessibles (\u2248 10\u201320 \u20ac), le restaurant offre une ambiance conviviale et d\u00e9tendue, id\u00e9ale pour un repas rapide ou entre amis.<\/p>\n\t\t\t\t\t \t\n\t    <\/div>\n\t\t\t\t\t\t<\/div>\n\t\t\t\t<\/div>\n\t\t\t\t<div class=\"elementor-element elementor-element-1a229e3 elementor-widget elementor-widget-google_maps\" data-id=\"1a229e3\" data-element_type=\"widget\" data-e-type=\"widget\" data-widget_type=\"google_maps.default\">\n\t\t\t\t\t\t\t<div class=\"elementor-custom-embed\">\n\t\t\t<iframe loading=\"lazy\"\n\t\t\t\t\tsrc=\"https:\/\/maps.google.com\/maps?q=11%20Rue%20Primatice%2075013%20Paris&#038;t=m&#038;z=16&#038;output=embed&#038;iwloc=near\"\n\t\t\t\t\ttitle=\"11 Rue Primatice 75013 Paris\"\n\t\t\t\t\taria-label=\"11 Rue Primatice 75013 Paris\"\n\t\t\t><\/iframe>\n\t\t<\/div>\n\t\t\t\t\t\t<\/div>\n\t\t<div class=\"elementor-element elementor-element-4af3f7e e-grid e-con-boxed e-con e-parent\" data-id=\"4af3f7e\" data-element_type=\"container\" data-e-type=\"container\">\n\t\t\t\t\t<div class=\"e-con-inner\">\n\t\t\t\t<div class=\"elementor-element elementor-element-6161001 elementor-widget elementor-widget-image\" data-id=\"6161001\" data-element_type=\"widget\" data-e-type=\"widget\" data-widget_type=\"image.default\">\n\t\t\t\t\t\t\t\t\t\t\t\t\t\t\t<img decoding=\"async\" width=\"800\" height=\"451\" src=\"https:\/\/www.miammiamcool.fr\/wp-content\/uploads\/2025\/12\/2025-09-08-1024x577.webp\" class=\"attachment-large size-large wp-image-6434\" alt=\"\" srcset=\"https:\/\/www.miammiamcool.fr\/wp-content\/uploads\/2025\/12\/2025-09-08-1024x577.webp 1024w, https:\/\/www.miammiamcool.fr\/wp-content\/uploads\/2025\/12\/2025-09-08-300x169.webp 300w, https:\/\/www.miammiamcool.fr\/wp-content\/uploads\/2025\/12\/2025-09-08-768x433.webp 768w, https:\/\/www.miammiamcool.fr\/wp-content\/uploads\/2025\/12\/2025-09-08.webp 1360w\" sizes=\"(max-width: 800px) 100vw, 800px\" \/>\t\t\t\t\t\t\t\t\t\t\t\t\t\t\t<\/div>\n\t\t\t\t<div class=\"elementor-element elementor-element-9a843a2 elementor-widget elementor-widget-kababi_elementor_contact_info\" data-id=\"9a843a2\" data-element_type=\"widget\" data-e-type=\"widget\" data-widget_type=\"kababi_elementor_contact_info.default\">\n\t\t\t\t<div class=\"elementor-widget-container\">\n\t\t\t\t\t\t\t\t<div class=\"ova-contact-info\">\n\t\t\t\t\t\t\t\t\t<div class=\"icon\">\n\t\t\t\t\t\t<i class=\"ovaicon-pin\"><\/i>\n\t\t\t\t\t<\/div>\t\n\t\t\t\t\t\t\t\t<div class=\"contact\">\n\t\t\t\t\t\t\t\t\t\t\t<div class=\"label\">\n\t\t\t\t\t\t\tAdresse\t\t\t\t\t\t<\/div>\n\t\t\t\t\t\t\t\t\t\t<ul class=\"info\">\n\t\t\t\t\t\t\t\t\t\t\t\t\t\t<li class=\"item\">\n\t\t\t\t\t\t\t\t11 Rue Primatice, 75013 Paris\t\t\t\t\t\t\t\t<\/li>\n\t\t\t\t\t\t\t\t\t\t\t\t\t\t\t<li class=\"item\">\n\t\t\t\t\t\t\t\t09 53 00 70 86\t\t\t\t\t\t\t\t<\/li>\n\t\t\t\t\t\t\t\t\t\t\t\t\t\t\t<li class=\"item\">\n\t\t\t\t\t\t\t\tLundi - Samedi : 12h-15h. 18h-22h.\t\t\t\t\t\t\t\t<\/li>\n\t\t\t\t\t\t\t\t\t\t\t\t\t\t\t<li class=\"item\">\n\t\t\t\t\t\t\t\tM\u00c9TRO : 5\/6\/7 PLACE D&#039;ITALIE\t\t\t\t\t\t\t\t<\/li>\n\t\t\t\t\t\t\t\t\t\t\t\t<\/ul>\n\t\t\t\t<\/div>\n\t\t\t<\/div>\n\t\t\t\t\t\t\t<\/div>\n\t\t\t\t<\/div>\n\t\t\t\t\t<\/div>\n\t\t\t\t<\/div>\n\t\t\t\t<div class=\"elementor-element elementor-element-6209956 elementor-align-justify elementor-widget elementor-widget-button\" data-id=\"6209956\" data-element_type=\"widget\" data-e-type=\"widget\" data-widget_type=\"button.default\">\n\t\t\t\t\t\t\t\t\t\t<a class=\"elementor-button elementor-button-link elementor-size-sm\" href=\"https:\/\/www.miammiamcool.fr\/reservation-13\/\">\n\t\t\t\t\t\t<span class=\"elementor-button-content-wrapper\">\n\t\t\t\t\t\t\t\t\t<span class=\"elementor-button-text\">R\u00e9servation<\/span>\n\t\t\t\t\t<\/span>\n\t\t\t\t\t<\/a>\n\t\t\t\t\t\t\t\t<\/div>\n\t\t\t\t\t<\/div>\n\t\t<\/div>\n\t\t\t\t\t<\/div>\n\t\t<\/section>\n\t\t\t\t<section class=\"elementor-section elementor-top-section elementor-element elementor-element-5f52894 elementor-section-boxed elementor-section-height-default elementor-section-height-default\" data-id=\"5f52894\" data-element_type=\"section\" data-e-type=\"section\">\n\t\t\t\t\t\t<div class=\"elementor-container elementor-column-gap-default\">\n\t\t\t\t\t<div class=\"elementor-column elementor-col-100 elementor-top-column elementor-element elementor-element-e36fdf4\" data-id=\"e36fdf4\" data-element_type=\"column\" data-e-type=\"column\">\n\t\t\t<div class=\"elementor-widget-wrap elementor-element-populated\">\n\t\t\t\t\t\t<div class=\"elementor-element elementor-element-087e316 elementor-widget elementor-widget-kababi_elementor_heading\" data-id=\"087e316\" data-element_type=\"widget\" data-e-type=\"widget\" data-widget_type=\"kababi_elementor_heading.default\">\n\t\t\t\t<div class=\"elementor-widget-container\">\n\t\t\t\t\t\t\t<div class=\"ova-heading\">\n\n\t\t\t<h2 class=\"title title-capitalize\">\n\n\t\t\t\tContact\n\t\t\t<\/h2>\n\n\t\t\t\t\t\t\n\t\t\t\t\t\t\t\t<p class=\"description\">N\u2019h\u00e9sitez pas \u00e0 nous laisser un message via le formulaire de contact, nous vous r\u00e9pondrons dans les plus brefs d\u00e9lais.<\/p>\n\t\t\t\t\t \t\n\t    <\/div>\n\t\t\t\t\t\t<\/div>\n\t\t\t\t<\/div>\n\t\t<div class=\"elementor-element elementor-element-c65274c e-grid e-con-boxed e-con e-parent\" data-id=\"c65274c\" data-element_type=\"container\" data-e-type=\"container\">\n\t\t\t\t\t<div class=\"e-con-inner\">\n\t\t\t\t<div class=\"elementor-element elementor-element-d91dff6 elementor-widget elementor-widget-image\" data-id=\"d91dff6\" data-element_type=\"widget\" data-e-type=\"widget\" data-widget_type=\"image.default\">\n\t\t\t\t\t\t\t\t\t\t\t\t\t\t\t<img loading=\"lazy\" decoding=\"async\" width=\"800\" height=\"640\" src=\"https:\/\/www.miammiamcool.fr\/wp-content\/uploads\/2025\/10\/2025-09-10-Miam-miam-cool7406984-1024x819.jpg\" class=\"attachment-large size-large wp-image-6319\" alt=\"\" srcset=\"https:\/\/www.miammiamcool.fr\/wp-content\/uploads\/2025\/10\/2025-09-10-Miam-miam-cool7406984-1024x819.jpg 1024w, https:\/\/www.miammiamcool.fr\/wp-content\/uploads\/2025\/10\/2025-09-10-Miam-miam-cool7406984-300x240.jpg 300w, https:\/\/www.miammiamcool.fr\/wp-content\/uploads\/2025\/10\/2025-09-10-Miam-miam-cool7406984-768x614.jpg 768w, https:\/\/www.miammiamcool.fr\/wp-content\/uploads\/2025\/10\/2025-09-10-Miam-miam-cool7406984-1536x1229.jpg 1536w, https:\/\/www.miammiamcool.fr\/wp-content\/uploads\/2025\/10\/2025-09-10-Miam-miam-cool7406984-2048x1638.jpg 2048w\" sizes=\"(max-width: 800px) 100vw, 800px\" \/>\t\t\t\t\t\t\t\t\t\t\t\t\t\t\t<\/div>\n\t\t\t\t<div class=\"elementor-element elementor-element-66933dc elementor-button-align-stretch elementor-widget elementor-widget-form\" data-id=\"66933dc\" data-element_type=\"widget\" data-e-type=\"widget\" data-settings=\"{&quot;step_next_label&quot;:&quot;Suivant&quot;,&quot;step_previous_label&quot;:&quot;Pr\\u00e9c\\u00e9dent&quot;,&quot;button_width&quot;:&quot;100&quot;,&quot;step_type&quot;:&quot;number_text&quot;,&quot;step_icon_shape&quot;:&quot;circle&quot;}\" data-widget_type=\"form.default\">\n\t\t\t\t\t\t\t<form class=\"elementor-form\" method=\"post\" name=\"Nouveau formulaire\" aria-label=\"Nouveau formulaire\">\n\t\t\t<input type=\"hidden\" name=\"post_id\" value=\"1642\"\/>\n\t\t\t<input type=\"hidden\" name=\"form_id\" value=\"66933dc\"\/>\n\t\t\t<input type=\"hidden\" name=\"referer_title\" value=\"Contact\" \/>\n\n\t\t\t\t\t\t\t<input type=\"hidden\" name=\"queried_id\" value=\"1642\"\/>\n\t\t\t\n\t\t\t<div class=\"elementor-form-fields-wrapper elementor-labels-above\">\n\t\t\t\t\t\t\t\t<div class=\"elementor-field-type-text elementor-field-group elementor-column elementor-field-group-name elementor-col-100\">\n\t\t\t\t\t\t\t\t\t\t\t\t<label for=\"form-field-name\" class=\"elementor-field-label\">\n\t\t\t\t\t\t\t\tNom\t\t\t\t\t\t\t<\/label>\n\t\t\t\t\t\t\t\t\t\t\t\t\t\t<input size=\"1\" type=\"text\" name=\"form_fields[name]\" id=\"form-field-name\" class=\"elementor-field elementor-size-sm  elementor-field-textual\" placeholder=\"Nom\">\n\t\t\t\t\t\t\t\t\t\t\t<\/div>\n\t\t\t\t\t\t\t\t<div class=\"elementor-field-type-email elementor-field-group elementor-column elementor-field-group-email elementor-col-100 elementor-field-required\">\n\t\t\t\t\t\t\t\t\t\t\t\t<label for=\"form-field-email\" class=\"elementor-field-label\">\n\t\t\t\t\t\t\t\tE-mail\t\t\t\t\t\t\t<\/label>\n\t\t\t\t\t\t\t\t\t\t\t\t\t\t<input size=\"1\" type=\"email\" name=\"form_fields[email]\" id=\"form-field-email\" class=\"elementor-field elementor-size-sm  elementor-field-textual\" placeholder=\"E-mail\" required=\"required\">\n\t\t\t\t\t\t\t\t\t\t\t<\/div>\n\t\t\t\t\t\t\t\t<div class=\"elementor-field-type-textarea elementor-field-group elementor-column elementor-field-group-message elementor-col-100\">\n\t\t\t\t\t\t\t\t\t\t\t\t<label for=\"form-field-message\" class=\"elementor-field-label\">\n\t\t\t\t\t\t\t\tMessage\t\t\t\t\t\t\t<\/label>\n\t\t\t\t\t\t<textarea class=\"elementor-field-textual elementor-field  elementor-size-sm\" name=\"form_fields[message]\" id=\"form-field-message\" rows=\"4\" placeholder=\"Message\"><\/textarea>\t\t\t\t<\/div>\n\t\t\t\t\t\t\t\t<div class=\"elementor-field-group elementor-column elementor-field-type-submit elementor-col-100 e-form__buttons\">\n\t\t\t\t\t<button class=\"elementor-button elementor-size-sm\" type=\"submit\">\n\t\t\t\t\t\t<span class=\"elementor-button-content-wrapper\">\n\t\t\t\t\t\t\t\t\t\t\t\t\t\t\t\t\t\t\t\t\t\t<span class=\"elementor-button-text\">Envoyer<\/span>\n\t\t\t\t\t\t\t\t\t\t\t\t\t<\/span>\n\t\t\t\t\t<\/button>\n\t\t\t\t<\/div>\n\t\t\t<\/div>\n\t\t<\/form>\n\t\t\t\t\t\t<\/div>\n\t\t\t\t\t<\/div>\n\t\t\t\t<\/div>\n\t\t\t\t\t<\/div>\n\t\t<\/div>\n\t\t\t\t\t<\/div>\n\t\t<\/section>\n\t\t\t\t<\/div>\n\t\t","protected":false},"excerpt":{"rendered":"<p>A Paris 9e Miam-miam Cool 9\u00e8me est une cantine chinoise moderne situ\u00e9e dans le 9\u1d49 arrondissement de Paris, \u00e0 proximit\u00e9 des Galeries Lafayette. Appr\u00e9ci\u00e9 pour sa cuisine chinoise savoureuse, ses portions g\u00e9n\u00e9reuses et ses prix accessibles (\u2248 10\u201320 \u20ac), le restaurant offre une ambiance conviviale et d\u00e9tendue, id\u00e9ale pour une pause d\u00e9jeuner ou un repas [&hellip;]<\/p>\n","protected":false},"author":1,"featured_media":0,"parent":0,"menu_order":0,"comment_status":"closed","ping_status":"closed","template":"elementor_header_footer","meta":{"footnotes":""},"class_list":["post-1642","page","type-page","status-publish","hentry"],"_links":{"self":[{"href":"https:\/\/www.miammiamcool.fr\/en\/wp-json\/wp\/v2\/pages\/1642","targetHints":{"allow":["GET"]}}],"collection":[{"href":"https:\/\/www.miammiamcool.fr\/en\/wp-json\/wp\/v2\/pages"}],"about":[{"href":"https:\/\/www.miammiamcool.fr\/en\/wp-json\/wp\/v2\/types\/page"}],"author":[{"embeddable":true,"href":"https:\/\/www.miammiamcool.fr\/en\/wp-json\/wp\/v2\/users\/1"}],"replies":[{"embeddable":true,"href":"https:\/\/www.miammiamcool.fr\/en\/wp-json\/wp\/v2\/comments?post=1642"}],"version-history":[{"count":76,"href":"https:\/\/www.miammiamcool.fr\/en\/wp-json\/wp\/v2\/pages\/1642\/revisions"}],"predecessor-version":[{"id":6920,"href":"https:\/\/www.miammiamcool.fr\/en\/wp-json\/wp\/v2\/pages\/1642\/revisions\/6920"}],"wp:attachment":[{"href":"https:\/\/www.miammiamcool.fr\/en\/wp-json\/wp\/v2\/media?parent=1642"}],"curies":[{"name":"wp","href":"https:\/\/api.w.org\/{rel}","templated":true}]}}